{"id":35,"date":"2023-09-26T09:56:31","date_gmt":"2023-09-26T07:56:31","guid":{"rendered":"https:\/\/skuteckeho.slajd.cz\/index.php\/forum\/"},"modified":"2023-09-26T10:23:09","modified_gmt":"2023-09-26T08:23:09","slug":"forum","status":"publish","type":"page","link":"https:\/\/skuteckeho.slajd.cz\/index.php\/forum\/","title":{"rendered":"Diskusn\u00ed f\u00f3rum"},"content":{"rendered":"<div id=\"af-wrapper\"><div id=\"forum-header\"><div id=\"forum-navigation-mobile\"><a><span class=\"fas fa-bars\"><\/span>Menu<\/a><\/div><span class=\"screen-reader-text\">Navigace f\u00f3ra<\/span><div id=\"forum-navigation\"><a class=\"home-link\" href=\"https:\/\/skuteckeho.slajd.cz\/index.php\/forum\" target=\"_self\">F\u00f3rum<\/a><a class=\"members-link\" href=\"https:\/\/skuteckeho.slajd.cz\/index.php\/forum\/members\/\" target=\"_self\">\u010clenov\u00e9<\/a><a class=\"activity-link\" href=\"https:\/\/skuteckeho.slajd.cz\/index.php\/forum\/activity\/\" target=\"_self\">Aktivita<\/a><\/div><div id=\"forum-search\"><span class=\"search-icon fas fa-search\"><\/span><form method=\"get\" action=\"https:\/\/skuteckeho.slajd.cz\/index.php\/forum\/search\/\"><input name=\"keywords\" type=\"search\" placeholder=\"Hledat ...\" value=\"\"><\/form><\/div><div class=\"clear\"><\/div><\/div><div id=\"forum-breadcrumbs\" itemscope itemtype=\"http:\/\/schema.org\/BreadcrumbList\"><span class=\"screen-reader-text\">Navigace f\u00f3ra - nach\u00e1z\u00edte se zde:<\/span><span class=\"breadcrumb-icon fas fa-home\"><\/span><span itemprop=\"itemListElement\" itemscope itemtype=\"https:\/\/schema.org\/ListItem\"><a itemprop=\"item\" href=\"https:\/\/skuteckeho.slajd.cz\/index.php\/forum\" title=\"Diskusn\u00ed f\u00f3rum\"><span itemprop=\"name\">Diskusn\u00ed f\u00f3rum<\/span><\/a><meta itemprop=\"position\" content=\"1\"><\/span><span class=\"breadcrumb-icon fas fa-chevron-right separator\"><\/span><\/div><h1 class=\"main-title main-title-\">Diskusn\u00ed f\u00f3rum<\/h1><div class=\"title-element\" id=\"forum-category-9\">Vzorov\u00e1 kategorie<span class=\"last-post-headline\">Posledn\u00ed p\u0159\u00edsp\u011bvek<\/span><\/div><div class=\"content-container\"><div class=\"content-element forum\" id=\"forum-2\"><div class=\"forum-status unread\"><i class=\"fas fa-comments\"><\/i><\/div><div class=\"forum-name\"><a class=\"forum-title\" href=\"https:\/\/skuteckeho.slajd.cz\/index.php\/forum\/forum\/diskuse-napady-pripominky\/\">Diskuse, n\u00e1pady, p\u0159ipom\u00ednky, ...<\/a><small class=\"forum-description\">Diskuse \u010dlen\u016f SVJ<\/small><small class=\"forum-stats\">225 t\u00e9mat&nbsp;&middot;&nbsp;48&nbsp;136 p\u0159\u00edsp\u011bvk\u016f<\/small><small class=\"forum-lastpost-small\">Posledn\u00ed p\u0159\u00edsp\u011bvek:&nbsp;<a href=\"https:\/\/skuteckeho.slajd.cz\/index.php\/forum\/topic\/41z7n6\/?part=4773#postid-48136\">41z7n6<\/a>&nbsp;&middot;&nbsp;<a href=\"https:\/\/skuteckeho.slajd.cz\/index.php\/forum\/topic\/41z7n6\/?part=4773#postid-48136\">P\u0159ed 3 minuty<\/a>&nbsp;&middot;&nbsp;Host<\/small><\/div><div class=\"forum-poster\"><div class=\"forum-poster-avatar\"><img alt='' src='https:\/\/secure.gravatar.com\/avatar\/?s=40&#038;d=mm&#038;r=g' srcset='https:\/\/secure.gravatar.com\/avatar\/?s=80&#038;d=mm&#038;r=g 2x' class='avatar avatar-40 photo avatar-default' height='40' width='40' \/><\/div><div class=\"forum-poster-summary\"><a href=\"https:\/\/skuteckeho.slajd.cz\/index.php\/forum\/topic\/41z7n6\/?part=4773#postid-48136\">41z7n6<\/a><br><small><a href=\"https:\/\/skuteckeho.slajd.cz\/index.php\/forum\/topic\/41z7n6\/?part=4773#postid-48136\">P\u0159ed 3 minuty<\/a><span>&nbsp;&middot;&nbsp;<\/span>Host<\/small><\/div><\/div><\/div><div class=\"content-element forum\" id=\"forum-3\"><div class=\"forum-status read\"><i class=\"fas fa-comments\"><\/i><\/div><div class=\"forum-name\"><a class=\"forum-title\" href=\"https:\/\/skuteckeho.slajd.cz\/index.php\/forum\/forum\/clenska-schuze-svj\/\">\u010clensk\u00e1 sch\u016fze SVJ<\/a><small class=\"forum-stats\">0 t\u00e9mat&nbsp;&middot;&nbsp;0 p\u0159\u00edsp\u011bvk\u016f<\/small><small class=\"forum-lastpost-small\"><small class=\"no-topics\">Dosud \u017e\u00e1dn\u00e1 t\u00e9mata!<\/small><\/small><\/div><div class=\"forum-poster\"><small class=\"no-topics\">Dosud \u017e\u00e1dn\u00e1 t\u00e9mata!<\/small><\/div><\/div><\/div><div id=\"read-unread\"><span class=\"indicator unread\"><\/span><span class=\"indicator-label\">Nov\u00e9 p\u0159\u00edsp\u011bvky<\/span><span class=\"indicator read\"><\/span><span class=\"indicator-label\">Nic nov\u00e9ho<\/span><span class=\"indicator-label\"><span class=\"fas fa-check\"><\/span><a href=\"https:\/\/skuteckeho.slajd.cz\/index.php\/forum\/markallread\/?_wpnonce=c61a2c7966\">Ozna\u010dit v\u0161e jako p\u0159e\u010dten\u00e9<\/a><\/span><span class=\"indicator-label\"><span class=\"fas fa-history\"><\/span><a href=\"https:\/\/skuteckeho.slajd.cz\/index.php\/forum\/unread\/\">Zobrazit nep\u0159e\u010dten\u00e1 t\u00e9mata<\/a><\/span><div class=\"clear\"><\/div><\/div><div id=\"statistics\"><div class=\"title-element title-element-dark\"><span class=\"title-element-icon fas fa-chart-pie\"><\/span>Statistiky<\/div><div id=\"statistics-body\"><div id=\"statistics-elements\"><div class=\"statistics-element\"><div class=\"element-number\"><span class=\"statistics-element-icon far fa-comments\"><\/span>225<\/div><div class=\"element-name\">T\u00e9mata<\/div><\/div><div class=\"statistics-element\"><div class=\"element-number\"><span class=\"statistics-element-icon far fa-comment\"><\/span>48&nbsp;136<\/div><div class=\"element-name\">P\u0159\u00edsp\u011bvky<\/div><\/div><div class=\"statistics-element\"><div class=\"element-number\"><span class=\"statistics-element-icon far fa-eye\"><\/span>224&nbsp;455<\/div><div class=\"element-name\">Zobrazen\u00ed<\/div><\/div><div class=\"statistics-element\"><div class=\"element-number\"><span class=\"statistics-element-icon far fa-user\"><\/span>3<\/div><div class=\"element-name\">U\u017eivatel\u00e9<\/div><\/div><div class=\"statistics-element\"><div class=\"element-number\"><span class=\"statistics-element-icon far fa-lightbulb\"><\/span>0<\/div><div class=\"element-name\">Online<\/div><\/div><\/div><div id=\"statistics-online-users\"><span class=\"online-users-icon fas fa-user\"><\/span>Nejnov\u011bj\u0161\u00ed \u010dlen:&nbsp;<i><a class=\"profile-link highlight-default\" href=\"https:\/\/skuteckeho.slajd.cz\/index.php\/forum\/profile\/matous\/\">Matou\u0161 Sova<\/a><\/i>&nbsp;&middot;&nbsp;<span class=\"online-users-icon fas fa-users\"><\/span><i>Pr\u00e1v\u011b te\u010f nen\u00ed nikdo online.<\/i><\/div><\/div><div class=\"clear\"><\/div><\/div><div id=\"bottom-navigation\"><\/div><div class=\"clear\"><\/div><\/div>\n","protected":false},"excerpt":{"rendered":"","protected":false},"author":1,"featured_media":0,"parent":0,"menu_order":0,"comment_status":"closed","ping_status":"closed","template":"","meta":{"footnotes":""},"class_list":["post-35","page","type-page","status-publish","hentry"],"_links":{"self":[{"href":"https:\/\/skuteckeho.slajd.cz\/index.php\/wp-json\/wp\/v2\/pages\/35","targetHints":{"allow":["GET"]}}],"collection":[{"href":"https:\/\/skuteckeho.slajd.cz\/index.php\/wp-json\/wp\/v2\/pages"}],"about":[{"href":"https:\/\/skuteckeho.slajd.cz\/index.php\/wp-json\/wp\/v2\/types\/page"}],"author":[{"embeddable":true,"href":"https:\/\/skuteckeho.slajd.cz\/index.php\/wp-json\/wp\/v2\/users\/1"}],"replies":[{"embeddable":true,"href":"https:\/\/skuteckeho.slajd.cz\/index.php\/wp-json\/wp\/v2\/comments?post=35"}],"version-history":[{"count":1,"href":"https:\/\/skuteckeho.slajd.cz\/index.php\/wp-json\/wp\/v2\/pages\/35\/revisions"}],"predecessor-version":[{"id":37,"href":"https:\/\/skuteckeho.slajd.cz\/index.php\/wp-json\/wp\/v2\/pages\/35\/revisions\/37"}],"wp:attachment":[{"href":"https:\/\/skuteckeho.slajd.cz\/index.php\/wp-json\/wp\/v2\/media?parent=35"}],"curies":[{"name":"wp","href":"https:\/\/api.w.org\/{rel}","templated":true}]}}