{"id":23,"date":"2023-09-26T09:12:19","date_gmt":"2023-09-26T07:12:19","guid":{"rendered":"https:\/\/skuteckeho.slajd.cz\/?page_id=23"},"modified":"2023-09-26T09:12:19","modified_gmt":"2023-09-26T07:12:19","slug":"nas-tym","status":"publish","type":"page","link":"https:\/\/skuteckeho.slajd.cz\/index.php\/nas-tym\/","title":{"rendered":"N\u00e1\u0161 t\u00fdm"},"content":{"rendered":"<h3 id=\"wnd_TextBlock_870112_inner_0\" data-wnd_is_separable=\"1\" data-wnd_separable_index=\"0\" data-wnd_separable_id=\"wnd_TextBlock_870112\"><span>Jaroslav Justic<\/span><\/h3>\n<p id=\"wnd_TextBlock_870112_inner_1\" data-wnd_is_separable=\"1\" data-wnd_separable_index=\"1\" data-wnd_separable_id=\"wnd_TextBlock_870112\"><strong>p\u0159edseda v\u00fdboru SVJ<\/strong><\/p>\n<p id=\"wnd_TextBlock_870112_inner_2\" data-wnd_is_separable=\"1\" data-wnd_separable_index=\"2\" data-wnd_separable_id=\"wnd_TextBlock_870112\"><a href=\"mailto:jjustic@volny.cz\" target=\"_blank\" rel=\"noopener\">jjustic@volny.cz<\/a><\/p>\n<p id=\"wnd_TextBlock_870112_inner_3\" data-wnd_is_separable=\"1\" data-wnd_separable_index=\"3\" data-wnd_separable_id=\"wnd_TextBlock_870112\">602 394 824\u202c<\/p>\n<hr \/>\n<h3 id=\"wnd_TextBlock_989457_inner_0\" data-wnd_is_separable=\"1\" data-wnd_separable_index=\"0\" data-wnd_separable_id=\"wnd_TextBlock_989457\"><span>Matou\u0161 Sova<\/span><\/h3>\n<p id=\"wnd_TextBlock_989457_inner_1\" data-wnd_is_separable=\"1\" data-wnd_separable_index=\"1\" data-wnd_separable_id=\"wnd_TextBlock_989457\"><strong>m\u00edstop\u0159edseda v\u00fdboru SVJ<\/strong><\/p>\n<p id=\"wnd_TextBlock_989457_inner_2\" data-wnd_is_separable=\"1\" data-wnd_separable_index=\"2\" data-wnd_separable_id=\"wnd_TextBlock_989457\"><a href=\"mailto:matous.sova@volny.cz\" target=\"_blank\" rel=\"noopener\">matous.sova@volny.cz<\/a><\/p>\n<p id=\"wnd_TextBlock_989457_inner_3\" data-wnd_is_separable=\"1\" data-wnd_separable_index=\"3\" data-wnd_separable_id=\"wnd_TextBlock_989457\">602 210 111\u202c<\/p>\n<hr \/>\n<h3 id=\"wnd_TextBlock_715388_inner_0\" data-wnd_is_separable=\"1\" data-wnd_separable_index=\"0\" data-wnd_separable_id=\"wnd_TextBlock_715388\">Jan Vrbata<\/h3>\n<p id=\"wnd_TextBlock_715388_inner_1\" data-wnd_is_separable=\"1\" data-wnd_separable_index=\"1\" data-wnd_separable_id=\"wnd_TextBlock_715388\"><strong>\u010dlen v\u00fdboru SVJ<\/strong><\/p>\n<p id=\"wnd_TextBlock_715388_inner_2\" data-wnd_is_separable=\"1\" data-wnd_separable_index=\"2\" data-wnd_separable_id=\"wnd_TextBlock_715388\"><a href=\"mailto:honza@vrbata.cz\" target=\"_blank\" rel=\"noopener\">honza@vrbata.cz<\/a><\/p>\n<p id=\"wnd_TextBlock_715388_inner_3\" data-wnd_is_separable=\"1\" data-wnd_separable_index=\"3\" data-wnd_separable_id=\"wnd_TextBlock_715388\">604 939312<\/p>\n","protected":false},"excerpt":{"rendered":"<p>Jaroslav Justic p\u0159edseda v\u00fdboru SVJ jjustic@volny.cz 602 394 824\u202c Matou\u0161 Sova m\u00edstop\u0159edseda v\u00fdboru SVJ matous.sova@volny.cz 602 210 111\u202c Jan Vrbata \u010dlen v\u00fdboru SVJ honza@vrbata.cz 604 939312<\/p>\n","protected":false},"author":1,"featured_media":0,"parent":0,"menu_order":0,"comment_status":"closed","ping_status":"closed","template":"","meta":{"footnotes":""},"class_list":["post-23","page","type-page","status-publish","hentry"],"_links":{"self":[{"href":"https:\/\/skuteckeho.slajd.cz\/index.php\/wp-json\/wp\/v2\/pages\/23","targetHints":{"allow":["GET"]}}],"collection":[{"href":"https:\/\/skuteckeho.slajd.cz\/index.php\/wp-json\/wp\/v2\/pages"}],"about":[{"href":"https:\/\/skuteckeho.slajd.cz\/index.php\/wp-json\/wp\/v2\/types\/page"}],"author":[{"embeddable":true,"href":"https:\/\/skuteckeho.slajd.cz\/index.php\/wp-json\/wp\/v2\/users\/1"}],"replies":[{"embeddable":true,"href":"https:\/\/skuteckeho.slajd.cz\/index.php\/wp-json\/wp\/v2\/comments?post=23"}],"version-history":[{"count":1,"href":"https:\/\/skuteckeho.slajd.cz\/index.php\/wp-json\/wp\/v2\/pages\/23\/revisions"}],"predecessor-version":[{"id":24,"href":"https:\/\/skuteckeho.slajd.cz\/index.php\/wp-json\/wp\/v2\/pages\/23\/revisions\/24"}],"wp:attachment":[{"href":"https:\/\/skuteckeho.slajd.cz\/index.php\/wp-json\/wp\/v2\/media?parent=23"}],"curies":[{"name":"wp","href":"https:\/\/api.w.org\/{rel}","templated":true}]}}